{"id":17,"date":"2020-10-21T15:55:21","date_gmt":"2020-10-21T15:55:21","guid":{"rendered":"https:\/\/dorotakomasa.pl\/?page_id=17"},"modified":"2020-11-19T18:08:29","modified_gmt":"2020-11-19T18:08:29","slug":"spacer","status":"publish","type":"page","link":"https:\/\/dorotakomasa.pl\/?page_id=17","title":{"rendered":"KLUB W\u0118DRUJ\u0104CYCH SP\u00d3DNIC MOCY!"},"content":{"rendered":"\n<p>Mia\u0142am kiedy\u015b Sen na jawie.<\/p>\n\n\n\n<div class=\"wp-block-group\"><div class=\"wp-block-group__inner-container is-layout-flow wp-block-group-is-layout-flow\">\n<p>By\u0142o lato. Ubrana by\u0142am z bluzk\u0119 i  sp\u00f3dnic\u0119 do ziemi. Sz\u0142am przez cmentarz. I w pewnym momencie poczu\u0142am dziwny ch\u0142\u00f3d na stopach. Dzie\u0144 by\u0142 bardzo ciep\u0142y, w zasadzie bezwietrzny. Przeszed\u0142 mnie dreszcz. Poczu\u0142am i zobaczy\u0142am jak szkielety, swymi ko\u015bcistymi d\u0142o\u0144mi chwytaj\u0105 si\u0119 mojej sp\u00f3dnicy. Z ka\u017cdym krokiem by\u0142o ich coraz wi\u0119cej, a one jakby wychodzi\u0142y spod Ziemi. <strong>By\u0142y to kobiety &#8211; szkielety.<\/strong> Zapomniane. Inne. Znienawidzone. Wygnane. Wojowniczki i Szare Myszki. Sz\u0142am dalej. W swych d\u0142oniach poczu\u0142am, \u017ce trzymam tarcz\u0119 i miecz. <strong>Im pewniej sz\u0142am, tym te kobiety nabiera\u0142y cia\u0142a. By\u0142o ich coraz wi\u0119cej i coraz wi\u0119cej by\u0142o w tym oddechu. Lekko\u015bci a zarazem MOCY!<\/strong>. Sz\u0142y\u015bmy tak. Rami\u0119 w rami\u0119. Nie ba\u0142am si\u0119. One te\u017c nie. <strong>Duma, spok\u00f3j i rado\u015b\u0107 z odzyskanych cia\u0142, wolno\u015bci, \u017cycia.<\/strong> Powsta\u0142y z martwych. Pami\u0119\u0107 o nich, ich herstorii wr\u00f3ci\u0142a aby przywr\u00f3ci\u0107 szacunek i mi\u0142o\u015b\u0107, aby przypomnie\u0107 o mocy po\u0142\u0105czenia i siostrze\u0144stwa. <strong>Takiej tera\u017aniejszo\u015bci, takiej przysz\u0142o\u015bci dla nas chc\u0119, opartej o mi\u0142o\u015b\u0107, szacunek, trosk\u0119 o siebie nawzajem i Matk\u0119 Ziemi\u0119. Zapraszam Ci\u0119 by\u015bmy tworzy\u0142y tak\u0105 spo\u0142eczno\u015b\u0107 razem.<\/strong> <\/p>\n<\/div><\/div>\n\n\n\n<figure class=\"wp-block-image alignfull size-large\"><img loading=\"lazy\" decoding=\"async\" width=\"1024\" height=\"1024\" src=\"https:\/\/dorotakomasa.pl\/wp-content\/uploads\/2020\/11\/DSC_0564-1024x1024.jpg\" alt=\"\" class=\"wp-image-173\" srcset=\"https:\/\/dorotakomasa.pl\/wp-content\/uploads\/2020\/11\/DSC_0564-1024x1024.jpg 1024w, https:\/\/dorotakomasa.pl\/wp-content\/uploads\/2020\/11\/DSC_0564-300x300.jpg 300w, https:\/\/dorotakomasa.pl\/wp-content\/uploads\/2020\/11\/DSC_0564-150x150.jpg 150w, https:\/\/dorotakomasa.pl\/wp-content\/uploads\/2020\/11\/DSC_0564-768x768.jpg 768w, https:\/\/dorotakomasa.pl\/wp-content\/uploads\/2020\/11\/DSC_0564-1536x1536.jpg 1536w, https:\/\/dorotakomasa.pl\/wp-content\/uploads\/2020\/11\/DSC_0564-2048x2048.jpg 2048w\" sizes=\"(max-width: 1024px) 100vw, 1024px\" \/><\/figure>\n\n\n\n<p><strong><em>Klub W\u0119druj\u0105cych Sp\u00f3dnic MOCY<\/em><\/strong> powsta\u0142, aby\u015b mog\u0142a do\u0142\u0105czy\u0107 do grona kobiet, kt\u00f3re wiedz\u0105 co to znaczy wspiera\u0107 si\u0119 w ODRODZENIU, w POWSTANIU zmartwych, w \u017cyciu jakiego pragniemy, za jakim t\u0119sknimy, o kt\u00f3rym mo\u017ce nie \u015bni\u0142o si\u0119 naszym przodkom i przodkiniom! Bez parali\u017cuj\u0105cego l\u0119ku, chc\u0119 \u017ceby\u015b wysz\u0142a z ci\u0105g\u0142ego poczucia zagro\u017cenia i odtwarzania tej traumy w sobie.  <\/p>\n\n\n\n<p><strong>Chc\u0119 \u017ceby\u015b na nowo zaufa\u0142a:<\/strong><\/p>\n\n\n\n<ul><li>swojemu cia\u0142u<\/li><li>swojemu czuciu<\/li><li>swojej intuicji<\/li><li>swej naturze<\/li><\/ul>\n\n\n\n<p><strong>Chc\u0119 \u017ceby\u015b uwierzy\u0142a &#8211; u\u015bwiadomi\u0142a sobie<\/strong>, <strong>\u017ce<\/strong><\/p>\n\n\n\n<ul><li>jeste\u015b bezpieczna<\/li><li>mo\u017cesz liczy\u0107 na siebie <\/li><li>mo\u017cesz liczy\u0107 na inne kobiety<\/li><li>masz moc spe\u0142nia\u0107 swoje pragnienia<\/li><li>mo\u017cesz \u017cy\u0107 pe\u0142ni\u0105 \u017cycia<\/li><li>jeste\u015b DARem<\/li><li>zas\u0142ugujesz na to co najlepsze!<\/li><li>mo\u017cesz odpoczywa\u0107, gdy inni pracuj\u0105<\/li><li>mo\u017cesz odrodzi\u0107 si\u0119 w tym \u017cyciu<\/li><li>masz dar dla \u015bwiata<\/li><\/ul>\n\n\n\n<div class=\"wp-block-image\"><figure class=\"aligncenter size-large\"><img loading=\"lazy\" decoding=\"async\" width=\"1024\" height=\"680\" src=\"https:\/\/dorotakomasa.pl\/wp-content\/uploads\/2020\/11\/DSC_0210-1024x680.jpg\" alt=\"\" class=\"wp-image-177\" srcset=\"https:\/\/dorotakomasa.pl\/wp-content\/uploads\/2020\/11\/DSC_0210-1024x680.jpg 1024w, https:\/\/dorotakomasa.pl\/wp-content\/uploads\/2020\/11\/DSC_0210-300x199.jpg 300w, https:\/\/dorotakomasa.pl\/wp-content\/uploads\/2020\/11\/DSC_0210-768x510.jpg 768w, https:\/\/dorotakomasa.pl\/wp-content\/uploads\/2020\/11\/DSC_0210-1536x1020.jpg 1536w, https:\/\/dorotakomasa.pl\/wp-content\/uploads\/2020\/11\/DSC_0210-2048x1360.jpg 2048w\" sizes=\"(max-width: 1024px) 100vw, 1024px\" \/><figcaption>Zdj\u0119cie z Dzikiego Wieczoru Panie\u0144skiego<\/figcaption><\/figure><\/div>\n\n\n\n<p><\/p>\n\n\n\n<p class=\"has-text-align-center\"><strong>Jak\u0105 rol\u0119 odgrywa tu SP\u00d3DNICA?<\/strong><\/p>\n\n\n\n<p><\/p>\n\n\n\n<blockquote class=\"wp-block-quote is-style-large\"><p>Sp\u00f3dnica jest no\u015bnikiem &#8211; symbolem wi\u0119zi jak\u0105 \u0142\u0105cz\u0105 kobiety w swej pierwotnej naturze. Po\u0142\u0105czenia i przep\u0142ywu pomi\u0119dzy kobietami i Matk\u0105 Natur\u0105! Mi\u0119dzy ziemi\u0105, biodrami, sercem i g\u0142ow\u0105. <\/p><cite>Doriko<\/cite><\/blockquote>\n\n\n\n<div class=\"wp-block-image\"><figure class=\"aligncenter size-large\"><img loading=\"lazy\" decoding=\"async\" width=\"1024\" height=\"680\" src=\"https:\/\/dorotakomasa.pl\/wp-content\/uploads\/2020\/11\/DSC_0387-1024x680.jpg\" alt=\"\" class=\"wp-image-176\" srcset=\"https:\/\/dorotakomasa.pl\/wp-content\/uploads\/2020\/11\/DSC_0387-1024x680.jpg 1024w, https:\/\/dorotakomasa.pl\/wp-content\/uploads\/2020\/11\/DSC_0387-300x199.jpg 300w, https:\/\/dorotakomasa.pl\/wp-content\/uploads\/2020\/11\/DSC_0387-768x510.jpg 768w, https:\/\/dorotakomasa.pl\/wp-content\/uploads\/2020\/11\/DSC_0387-1536x1020.jpg 1536w, https:\/\/dorotakomasa.pl\/wp-content\/uploads\/2020\/11\/DSC_0387.jpg 1760w\" sizes=\"(max-width: 1024px) 100vw, 1024px\" \/><\/figure><\/div>\n\n\n\n<p class=\"has-text-align-center\"><strong>Herstoria &#8211; Sp\u00f3dnica MOCY, kt\u00f3ra otwiera na do\u015bwiadczenie przep\u0142ywu w ciele i \u017cyciu, na do\u015bwiadczenie MOCY swej KOBIECO\u015aCI. <\/strong><\/p>\n\n\n\n<div class=\"wp-block-image\"><figure class=\"aligncenter size-large\"><img loading=\"lazy\" decoding=\"async\" width=\"1024\" height=\"683\" src=\"https:\/\/dorotakomasa.pl\/wp-content\/uploads\/2020\/11\/BX9A1987-1024x683.jpg\" alt=\"\" class=\"wp-image-188\" srcset=\"https:\/\/dorotakomasa.pl\/wp-content\/uploads\/2020\/11\/BX9A1987-1024x683.jpg 1024w, https:\/\/dorotakomasa.pl\/wp-content\/uploads\/2020\/11\/BX9A1987-300x200.jpg 300w, https:\/\/dorotakomasa.pl\/wp-content\/uploads\/2020\/11\/BX9A1987-768x512.jpg 768w, https:\/\/dorotakomasa.pl\/wp-content\/uploads\/2020\/11\/BX9A1987-1536x1024.jpg 1536w, https:\/\/dorotakomasa.pl\/wp-content\/uploads\/2020\/11\/BX9A1987-2048x1365.jpg 2048w\" sizes=\"(max-width: 1024px) 100vw, 1024px\" \/><\/figure><\/div>\n\n\n\n<p><\/p>\n\n\n\n<p class=\"has-text-align-center\"><strong>Pozw\u00f3l, \u017ce Ci opowiem&#8230;by\u0107 mo\u017ce znasz to z w\u0142asnego do\u015bwiadczenia. Wiem, \u017ce jest nas wi\u0119cej.<\/strong><\/p>\n\n\n\n<p>Sp\u00f3dnica. Dziewcz\u0119co\u015b\u0107 zamieniaj\u0105ca si\u0119 w kobieco\u015b\u0107. To by\u0142 dla mnie d\u0142ugo temat tabu. Pow\u00f3d do wstydu. Bo moje biodra na tyle by\u0142y szerokie, \u017ce ci\u0119\u017cko by\u0142o co\u015b dobra\u0107. Ubiera\u0142am si\u0119 w spodnie cho\u0107 nie za bardzo siebie w nich lubi\u0142am. W og\u00f3le by\u0142o jako\u015b tak trudno mi z moj\u0105 figur\u0105 i obfit\u0105 kobieco\u015bci\u0105, kt\u00f3rej nie da\u0142o si\u0119 ukry\u0107. Pami\u0119tam jak jako dziewczyna dosta\u0142am pi\u0119kny komplet w szkock\u0105 krat\u0119. Sp\u00f3dniczka, kamizelka i koszulka. Od Ojca Chrzestnego. Niestety okaza\u0142o si\u0119, \u017ce ten pi\u0119kny komplet jest dla mnie za ma\u0142y. Mog\u0142am nosi\u0107 tylko sp\u00f3dniczk\u0119, ale te\u017c nie tak jak by\u0142o zaplanowane a w wysokim stanie. Cz\u0119\u015b\u0107 dziewczynek starszych si\u0119 ze mnie \u015bmia\u0142o. Przez tamt\u0105 sytuacj\u0119 ci\u0105gn\u0119\u0142o si\u0119 za mn\u0105 przez lata przekonanie, \u017ce mi nie mo\u017cna kupi\u0107 nic \u0142adnego, bo nie b\u0119dzie pasowa\u0142o. I generalnie trudno jako\u015b co\u015b dla mnie znale\u017a\u0107. Wiele razy z moj\u0105 mama by\u0142y\u015bmy u krawcowej, aby co\u015b dla mnie przerobi\u0142a albo uszy\u0142a, bo zakupy w sklepie to by\u0142a m\u0119ka. Nadesz\u0142y moje 28 urodziny. Postanowi\u0142am je \u015bwi\u0119towa\u0107. By\u0142y dla mnie jako\u015b wa\u017cne&#8230;Nie wiedzia\u0142am jeszcze dlaczego. Sp\u0119dzi\u0142am go z przyjaci\u00f3\u0142mi, kt\u00f3rzy postanowili mnie obdarowa\u0107 szczeg\u00f3lnym prezentem. D\u0142ugo szed\u0142. A\u017c przyszed\u0142. Otwieraj\u0105c by\u0142am przekonana, \u017ce to apaszka, o pi\u0119knym wzorze. Przez u\u0142amek sekundy przypomnia\u0142am sobie to wspomniane przekonanie, \u017ce przecie\u017c mi nie mo\u017cna kupi\u0107 sukienki czy sp\u00f3dnicy, bo nie b\u0119dzie pasowa\u0107&#8230;otwieram&#8230;a tam&#8230;pi\u0119kna, idealna w rozmiarze sp\u00f3dnica! Wiesz jaki by\u0142 m\u00f3j zachwyt? Chodzi\u0142am 5 cm nad ziemi\u0105. Przekonanie zosta\u0142o zburzone, nadpisane nowym do\u015bwiadczeniem! Wraz z nim, pojawi\u0142 si\u0119 wi\u0119kszy luz w biodrach, od tamtego momentu wkroczy\u0142am na \u015acie\u017ck\u0119 Wojowniczki Serca. I przyrzek\u0142am sobie &#8211; siebie kocha\u0107 i szanowa\u0107. Wierzy\u0107 w MOC spe\u0142niania marze\u0144 i pragnie\u0144 i NOWE \u017bYCIE! A tak\u017ce nie\u015b\u0107 wsparcie innym kobietom, kt\u00f3re podobnie jak ja, kiedy\u015b by\u0142y szar\u0105 myszk\u0105, zahukane, nie\u015bmia\u0142e, zakompleksione, z niskim poczuciem w\u0142asnej warto\u015bci, z poczuciem, \u017ce nigdzie nie pasuj\u0105, \u017ce s\u0105 INNE. Nie takie. Za bardzo. <\/p>\n\n\n\n<div class=\"wp-block-image\"><figure class=\"aligncenter size-large is-resized\"><img loading=\"lazy\" decoding=\"async\" src=\"https:\/\/dorotakomasa.pl\/wp-content\/uploads\/2020\/11\/BX9A3736-1024x683.jpg\" alt=\"\" class=\"wp-image-181\" width=\"1025\" height=\"684\" srcset=\"https:\/\/dorotakomasa.pl\/wp-content\/uploads\/2020\/11\/BX9A3736-1024x683.jpg 1024w, https:\/\/dorotakomasa.pl\/wp-content\/uploads\/2020\/11\/BX9A3736-300x200.jpg 300w, https:\/\/dorotakomasa.pl\/wp-content\/uploads\/2020\/11\/BX9A3736-768x512.jpg 768w, https:\/\/dorotakomasa.pl\/wp-content\/uploads\/2020\/11\/BX9A3736-1536x1024.jpg 1536w, https:\/\/dorotakomasa.pl\/wp-content\/uploads\/2020\/11\/BX9A3736.jpg 2048w\" sizes=\"(max-width: 1025px) 100vw, 1025px\" \/><\/figure><\/div>\n\n\n\n<p class=\"has-text-align-center\"><strong>Dlaczego Ci o tym opowiadam?<\/strong><\/p>\n\n\n\n<p class=\"has-text-align-center\">Bo chc\u0119, \u017ceby\u015b WIEDZIA\u0141A, \u017ce:<\/p>\n\n\n\n<p class=\"has-text-align-center\"><strong>Kochana! Siostro! Wszystko z Tob\u0105 w porz\u0105dku!<\/strong> <\/p>\n\n\n\n<p class=\"has-text-align-center\"><strong>Jeste\u015b wyj\u0105tkowa, a Twoja INNO\u015a\u0106, indywidualno\u015b\u0107 &#8211; jest ok i CA\u0141A jeste\u015b do KOCHANIA! <\/strong><\/p>\n\n\n\n<p class=\"has-text-align-center\"><strong>Nale\u017cy Ci si\u0119 szacunek, mi\u0142o\u015b\u0107 bez wzgl\u0119du na standardy!<\/strong><\/p>\n\n\n\n<p class=\"has-text-align-center\"><strong>Jeste\u015b DARem! Jeste\u015b CUDem!<\/strong> <\/p>\n\n\n\n<p class=\"has-text-align-center\">I najwa\u017cniejsze! <strong>Masz w sobie MOC!<\/strong> Moc zmieniania \u015bwiata. ZACZYNAJ\u0104C od swojego!<\/p>\n\n\n\n<p class=\"has-text-align-center\">A wiesz co cz\u0119sto jest t\u0105 MOC\u0104? Tak, bardzo cz\u0119sto jest ni\u0105 <strong><em>Twa wra\u017cliwo\u015b\u0107, delikatno\u015b\u0107, czucie, intuicja, kobieco\u015b\u0107! <\/em><\/strong><\/p>\n\n\n\n<p class=\"has-text-align-center\">B\u0119d\u0119 Ci o tym przypomina\u0107 &#8211; tak d\u0142ugo, a\u017c zmieni si\u0119 to w Twoje do\u015bwiadczenie. Namacalne. Ugruntowane. Nienaruszalne. <\/p>\n\n\n\n<p class=\"has-text-align-center\"><strong>Odwagi Moja Droga! <\/strong>Czas wyruszy\u0107 w ekscytuj\u0105c\u0105 podr\u00f3\u017c! Po siebie! Po MOC! \u015awiat na Ciebie czeka! Ty sama na siebie czekasz! Wiem, \u017ce wiesz.<\/p>\n\n\n\n<p><\/p>\n\n\n\n<div class=\"wp-block-image\"><figure class=\"aligncenter size-large\"><img loading=\"lazy\" decoding=\"async\" width=\"1024\" height=\"683\" src=\"https:\/\/dorotakomasa.pl\/wp-content\/uploads\/2020\/11\/BX9A1860-1024x683.jpg\" alt=\"\" class=\"wp-image-182\" srcset=\"https:\/\/dorotakomasa.pl\/wp-content\/uploads\/2020\/11\/BX9A1860-1024x683.jpg 1024w, https:\/\/dorotakomasa.pl\/wp-content\/uploads\/2020\/11\/BX9A1860-300x200.jpg 300w, https:\/\/dorotakomasa.pl\/wp-content\/uploads\/2020\/11\/BX9A1860-768x512.jpg 768w, https:\/\/dorotakomasa.pl\/wp-content\/uploads\/2020\/11\/BX9A1860-1536x1024.jpg 1536w, https:\/\/dorotakomasa.pl\/wp-content\/uploads\/2020\/11\/BX9A1860-2048x1365.jpg 2048w\" sizes=\"(max-width: 1024px) 100vw, 1024px\" \/><\/figure><\/div>\n\n\n\n<h2 class=\"has-text-align-center wp-block-heading\">CO JEST DO ZROBIENIA?<\/h2>\n\n\n\n<p>Mamy do odta\u0144czenia nie jeden taniec CZAROWNIC, taniec uwalniaj\u0105cy napi\u0119cie z brzucha, macicy, jajnik\u00f3w, otwieraj\u0105cy gard\u0142o do wyra\u017cania. Uzdrawiaj\u0105cy taniec. Od zawsze kobiety gromadzi\u0142y si\u0119 i ta\u0144czy\u0142y! \u015apiewa\u0142y przy tym. Po prostu. <\/p>\n\n\n\n<p>Przede wszystkim jednak jest <strong>DECYZJA DO PODJ\u0118CIA!<\/strong> <\/p>\n\n\n\n<ul><li>Czy tego chcesz? Czy chcesz si\u0119gn\u0105\u0107 po swoj\u0105 MOC? <\/li><li>Czy chcesz zmieni\u0107 swoje \u017cycie? Czy chcesz do\u015bwiadcza\u0107 go w pe\u0142ni? <\/li><li>Czy masz si\u0119 zaanga\u017cowa\u0107 w zmian\u0119, jakiej pragniesz?<\/li><li>Czy chcesz odzyska\u0107 wolno\u015b\u0107 i swoje miejsce w \u015bwiecie a wraz z tym wci\u0105\u017c odpowiedzialno\u015b\u0107, kt\u00f3ra jest tutaj kluczem?<\/li><li>Czy chcesz dla siebie i kolejnych pokole\u0144 \u017cycia w uznaniu, szacunku i mi\u0142o\u015bci?<\/li><li>Czy chcesz dla siebie i kolejnych pokole\u0144 \u017cycia obfitego i bogatego?<\/li><\/ul>\n\n\n\n<p>Je\u015bli na kt\u00f3rekolwiek z tych pyta\u0144 odpowied\u017a brzmi <strong>TAK<\/strong>, to nie martw si\u0119 JAK? to si\u0119 stanie, tylko wskakuj na pok\u0142ad Klubu W\u0119druj\u0105cych Sp\u00f3dnic MOCY i dzia\u0142amy! <\/p>\n\n\n\n<p>O tym, <strong>czym konkretnie jest Klub W\u0119druj\u0105cych Sp\u00f3dnic MOCY<\/strong>, jak dzia\u0142a dowiesz si\u0119 <a rel=\"noreferrer noopener\" href=\"https:\/\/dorotakomasa.pl\/?page_id=191\" data-type=\"URL\" data-id=\"https:\/\/dorotakomasa.pl\/?page_id=191\" target=\"_blank\">tutaj.<\/a><\/p>\n\n\n\n<p>O tym, <strong>jak do\u0142\u0105czy\u0107 do Klubu WSM <\/strong>dowiesz si\u0119 <a rel=\"noreferrer noopener\" href=\"https:\/\/dorotakomasa.pl\/?page_id=193\" data-type=\"URL\" data-id=\"https:\/\/dorotakomasa.pl\/?page_id=193\" target=\"_blank\">tutaj.<\/a><\/p>\n\n\n\n<p><strong>O warsztatach <\/strong>w ramach Klubu WSM dowiesz si\u0119 <a rel=\"noreferrer noopener\" href=\"https:\/\/dorotakomasa.pl\/?page_id=195\" data-type=\"URL\" data-id=\"https:\/\/dorotakomasa.pl\/?page_id=195\" target=\"_blank\">tutaj.<\/a><\/p>\n\n\n\n<p>O tym, <strong>czym jest sama SP\u00d3DNICA MOCY<\/strong> i <strong>jak mo\u017cesz tak\u0105 sp\u00f3dnic\u0119 zam\u00f3wi\u0107<\/strong> dowiesz si\u0119 <a rel=\"noreferrer noopener\" href=\"https:\/\/dorotakomasa.pl\/?page_id=197\" data-type=\"URL\" data-id=\"https:\/\/dorotakomasa.pl\/?page_id=197\" target=\"_blank\">tutaj.<\/a><\/p>\n\n\n\n<p><\/p>\n\n\n\n<p>Masz pytania, chcesz si\u0119 ze mn\u0105 skontaktowa\u0107. Napisz tutaj: dorota@swiatlopelni.pl<\/p>\n\n\n\n<p><\/p>\n\n\n\n<p>Z mi\u0142o\u015bci\u0105, <\/p>\n\n\n\n<p><a href=\"https:\/\/dorotakomasa.pl\/?page_id=21\" data-type=\"URL\" data-id=\"https:\/\/dorotakomasa.pl\/?page_id=21\" target=\"_blank\" rel=\"noreferrer noopener\">Doriko!<\/a><\/p>\n","protected":false},"excerpt":{"rendered":"<p>Mia\u0142am kiedy\u015b Sen na jawie. By\u0142o lato. Ubrana by\u0142am z bluzk\u0119 i sp\u00f3dnic\u0119 do ziemi. Sz\u0142am przez cmentarz. I w pewnym momencie poczu\u0142am dziwny ch\u0142\u00f3d na stopach. Dzie\u0144 by\u0142 bardzo ciep\u0142y, w zasadzie bezwietrzny. Przeszed\u0142 mnie dreszcz. Poczu\u0142am i zobaczy\u0142am jak szkielety, swymi ko\u015bcistymi d\u0142o\u0144mi chwytaj\u0105 si\u0119 mojej sp\u00f3dnicy. Z ka\u017cdym krokiem by\u0142o ich coraz <a class=\"read-more\" href=\"https:\/\/dorotakomasa.pl\/?page_id=17\">Read More<\/a><\/p>\n","protected":false},"author":2,"featured_media":0,"parent":0,"menu_order":0,"comment_status":"closed","ping_status":"closed","template":"","meta":{"footnotes":""},"_links":{"self":[{"href":"https:\/\/dorotakomasa.pl\/index.php?rest_route=\/wp\/v2\/pages\/17"}],"collection":[{"href":"https:\/\/dorotakomasa.pl\/index.php?rest_route=\/wp\/v2\/pages"}],"about":[{"href":"https:\/\/dorotakomasa.pl\/index.php?rest_route=\/wp\/v2\/types\/page"}],"author":[{"embeddable":true,"href":"https:\/\/dorotakomasa.pl\/index.php?rest_route=\/wp\/v2\/users\/2"}],"replies":[{"embeddable":true,"href":"https:\/\/dorotakomasa.pl\/index.php?rest_route=%2Fwp%2Fv2%2Fcomments&post=17"}],"version-history":[{"count":27,"href":"https:\/\/dorotakomasa.pl\/index.php?rest_route=\/wp\/v2\/pages\/17\/revisions"}],"predecessor-version":[{"id":229,"href":"https:\/\/dorotakomasa.pl\/index.php?rest_route=\/wp\/v2\/pages\/17\/revisions\/229"}],"wp:attachment":[{"href":"https:\/\/dorotakomasa.pl\/index.php?rest_route=%2Fwp%2Fv2%2Fmedia&parent=17"}],"curies":[{"name":"wp","href":"https:\/\/api.w.org\/{rel}","templated":true}]}}