{"id":18,"date":"2020-10-21T15:55:21","date_gmt":"2020-10-21T15:55:21","guid":{"rendered":"https:\/\/dorotakomasa.pl\/?page_id=18"},"modified":"2024-03-18T18:08:09","modified_gmt":"2024-03-18T18:08:09","slug":"fotografia","status":"publish","type":"page","link":"https:\/\/dorotakomasa.pl\/?page_id=18","title":{"rendered":"Sesje zdj\u0119ciowe"},"content":{"rendered":"<div class=\"wp-block-image\">\n<figure class=\"aligncenter size-large\"><img loading=\"lazy\" decoding=\"async\" width=\"1024\" height=\"819\" src=\"https:\/\/dorotakomasa.pl\/wp-content\/uploads\/2020\/11\/my-power-is-my-stilness-1024x819.png\" alt=\"\" class=\"wp-image-144\" srcset=\"https:\/\/dorotakomasa.pl\/wp-content\/uploads\/2020\/11\/my-power-is-my-stilness-1024x819.png 1024w, https:\/\/dorotakomasa.pl\/wp-content\/uploads\/2020\/11\/my-power-is-my-stilness-300x240.png 300w, https:\/\/dorotakomasa.pl\/wp-content\/uploads\/2020\/11\/my-power-is-my-stilness-768x614.png 768w, https:\/\/dorotakomasa.pl\/wp-content\/uploads\/2020\/11\/my-power-is-my-stilness-1536x1229.png 1536w, https:\/\/dorotakomasa.pl\/wp-content\/uploads\/2020\/11\/my-power-is-my-stilness.png 2000w\" sizes=\"(max-width: 1024px) 100vw, 1024px\" \/><\/figure><\/div>\n\n\n<figure class=\"wp-block-pullquote\"><blockquote><p><strong><em>FOTOGRAFIA POZWALA SPOJRZE\u0106 NA SIEBIE Z INNEJ PERSPEKTYWY. ZOBACZY\u0106 W SOBIE TANIEC \u015aWIAT\u0141A I CIENIA.<\/em><\/strong><\/p><cite>doriko<\/cite><\/blockquote><\/figure>\n\n\n\n<p>Fotografia jest form\u0105 wyrazu, komunikacji, daje przestrze\u0144 do nawi\u0105zania relacji. <\/p>\n\n\n\n<p>Kiedy stajesz przed obiektywem w ciele pojawiaj\u0105 si\u0119 r\u00f3\u017cne reakcje, pojawiaj\u0105 si\u0119 r\u00f3\u017cne emocje, a w umy\u015ble r\u00f3\u017cne g\u0142osy. To naturalne. Fantastycznie jest m\u00f3c obserwowa\u0107 jak to si\u0119 zmienia. A zmienia si\u0119 poniewa\u017c <\/p>\n\n\n\n<ul><li>zaczynasz siebie bardziej akceptowa\u0107<\/li><li>zaczynasz widzie\u0107 siebie w innym \u015bwietle<\/li><li>odkrywasz r\u00f3\u017cne swoje oblicza<\/li><li>poznajesz nowe jako\u015bci w sobie, nowe formy wyrazu<\/li><\/ul>\n\n\n\n<p>By\u0107 mo\u017ce jest tak, \u017ce skrycie pragniesz do\u015bwiadczy\u0107 takiej sesji fotograficznej ale jednocze\u015bnie czujesz\/my\u015blisz, \u017ce:<\/p>\n\n\n\n<ul><li>jeste\u015b niewystarczaj\u0105co pi\u0119kna, zgrabna, m\u0142oda etc<\/li><li>jeste\u015b niefotogeniczna<\/li><li>najpierw musisz schudn\u0105\u0107, zrobi\u0107 sobie fryzur\u0119, kupi\u0107 kieck\u0119&#8230;<\/li><li>jeszcze nie teraz, poczekasz na lepszy czas, pogod\u0119&#8230;<\/li><li>to nie jest praktyczne, szkoda pieni\u0119dzy<\/li><li>musisz mie\u0107 jaki\u015b pow\u00f3d, musi by\u0107 jaka\u015b okazja, o jak biznes za\u0142o\u017cysz, albo \u015blub b\u0119dziesz bra\u0107!<\/li><\/ul>\n\n\n\n<p>Powiem Ci, i to nawet nie w sekrecie, \u017ce mia\u0142am podobne powody dla kt\u00f3rych sama nie umawia\u0142am si\u0119 na sesje fotograficzne. Robi\u0142am je, tak. Z aparatem po \u015bwiecie biegam od 8 roku \u017cycia, zatrzymuj\u0105c w kadrach chwile i ludzi. Aby pami\u0119ta\u0107! Aby m\u00f3c wr\u00f3ci\u0107 wspomnieniami! Aby mie\u0107 pewno\u015b\u0107, \u017ce wydarzy\u0142y si\u0119 naprawd\u0119! Siebie natomiast postrzega\u0142am jako t\u0119, kt\u00f3ra \u017ale wychodzi na zdj\u0119ciach, jest nie taka, za grupa, za niska, nie nadaje si\u0119, wstydzi si\u0119. Na szcz\u0119\u015bcie czasami, kto\u015b chwyta\u0142 za m\u00f3j aparat i zrobi\u0142 tak\u017ce i mi zdj\u0119cia. I mam kilka takich z przesz\u0142o\u015bci, kt\u00f3re jak ogl\u0105dam dzi\u015b, to si\u0119 zachwycam. Autentycznie. Mam wtedy tak\u0105 my\u015bl, \u017ce bardzo siebie tamtymi my\u015blami, ocenami krzywdzi\u0142am i nie widzia\u0142am w sobie tego co widzia\u0142am w innych. Nie wierzy\u0142am te\u017c ludziom, kt\u00f3rzy m\u00f3wili o mnie dobre rzeczy. Wydawa\u0142o mi si\u0119 wtedy, \u017ce m\u00f3wi\u0105 tak bo s\u0105 mili, bo tak wypada, bo czego\u015b ode mnie chc\u0105. Tym czasem oni naprawd\u0119 mnie lubili, cenili, podoba\u0142am im si\u0119, by\u0142am wa\u017cna&#8230;<\/p>\n\n\n\n<p><\/p>\n","protected":false},"excerpt":{"rendered":"<p>FOTOGRAFIA POZWALA SPOJRZE\u0106 NA SIEBIE Z INNEJ PERSPEKTYWY. ZOBACZY\u0106 W SOBIE TANIEC \u015aWIAT\u0141A I CIENIA. doriko Fotografia jest form\u0105 wyrazu, komunikacji, daje przestrze\u0144 do nawi\u0105zania relacji. Kiedy stajesz przed obiektywem w ciele pojawiaj\u0105 si\u0119 r\u00f3\u017cne reakcje, pojawiaj\u0105 si\u0119 r\u00f3\u017cne emocje, a w umy\u015ble r\u00f3\u017cne g\u0142osy. To naturalne. Fantastycznie jest m\u00f3c obserwowa\u0107 jak to si\u0119 zmienia. <a class=\"read-more\" href=\"https:\/\/dorotakomasa.pl\/?page_id=18\">Read More<\/a><\/p>\n","protected":false},"author":2,"featured_media":0,"parent":0,"menu_order":0,"comment_status":"closed","ping_status":"closed","template":"","meta":{"footnotes":""},"_links":{"self":[{"href":"https:\/\/dorotakomasa.pl\/index.php?rest_route=\/wp\/v2\/pages\/18"}],"collection":[{"href":"https:\/\/dorotakomasa.pl\/index.php?rest_route=\/wp\/v2\/pages"}],"about":[{"href":"https:\/\/dorotakomasa.pl\/index.php?rest_route=\/wp\/v2\/types\/page"}],"author":[{"embeddable":true,"href":"https:\/\/dorotakomasa.pl\/index.php?rest_route=\/wp\/v2\/users\/2"}],"replies":[{"embeddable":true,"href":"https:\/\/dorotakomasa.pl\/index.php?rest_route=%2Fwp%2Fv2%2Fcomments&post=18"}],"version-history":[{"count":7,"href":"https:\/\/dorotakomasa.pl\/index.php?rest_route=\/wp\/v2\/pages\/18\/revisions"}],"predecessor-version":[{"id":340,"href":"https:\/\/dorotakomasa.pl\/index.php?rest_route=\/wp\/v2\/pages\/18\/revisions\/340"}],"wp:attachment":[{"href":"https:\/\/dorotakomasa.pl\/index.php?rest_route=%2Fwp%2Fv2%2Fmedia&parent=18"}],"curies":[{"name":"wp","href":"https:\/\/api.w.org\/{rel}","templated":true}]}}