{"id":191,"date":"2020-11-19T15:24:30","date_gmt":"2020-11-19T15:24:30","guid":{"rendered":"https:\/\/dorotakomasa.pl\/?page_id=191"},"modified":"2020-11-19T20:28:48","modified_gmt":"2020-11-19T20:28:48","slug":"czym-jest-kwsm","status":"publish","type":"page","link":"https:\/\/dorotakomasa.pl\/?page_id=191","title":{"rendered":"CZYM JEST KLUB WSM?"},"content":{"rendered":"\n<p>Pami\u0119tasz, widzia\u0142a\u015b mo\u017ce film: &#8222;Stowarzyszenie W\u0119druj\u0105cych Jeans\u00f3w&#8221; (re\u017c.Ken Kwapis)? To film o przyjaci\u00f3\u0142kach, kt\u00f3re znaj\u0105 si\u0119 od dzieci\u0144stwa, ka\u017cda jest inna, s\u0105 dla siebie wa\u017cne i pierwszy raz sp\u0119dz\u0105 wakacje oddzielnie. Przed rozstaniem id\u0105 kupi\u0107 jaki\u015b ciuchy, kupuj\u0105 jeansy, kt\u00f3re pasuj\u0105 na ka\u017cd\u0105 z nich i staj\u0105 si\u0119 symbolem \u0142\u0105cz\u0105cej je wi\u0119zi. Dziewczyny przekazuj\u0105 je sobie a dzi\u0119ki temu przypominaj\u0105 sobie w r\u00f3\u017cnych momentach o tym, \u017ce maj\u0105 w sobie wsparcie i nie s\u0105 same! A mo\u017ce pami\u0119tasz film : &#8222;Podaj dalej&#8221; (re\u017c.Mimi Leder), o ch\u0142opcu, kt\u00f3ry mia\u0142 w ramach zdania domowego pom\u00f3c trzeb osobom, a okaza\u0142o si\u0119 to dominem dobrych rzeczy! Je\u015bli nie widzia\u0142a\u015b, polecam obydwa filmy. One s\u0105 inspiracj\u0105 dla tego projektu!<\/p>\n\n\n\n<p>Kt\u00f3ra z nas mia\u0142a tak\u0105 swoj\u0105 paczk\u0119? Albo marzy\u0142a o takiej nierozerwalnej przyja\u017ani? Cz\u0119\u015bci z nas si\u0119 to uda\u0142o, cz\u0119\u015bci z nas nie. Pozostaj\u0105c z t\u0105 t\u0119sknot\u0105 by\u0107 mo\u017ce do teraz, kiedy \u017cycie doros\u0142ej kobiety wype\u0142nione jest po brzegi obowi\u0105zkami i nie ma gdzie ig\u0142y wcisn\u0105\u0107. Niekiedy trudno zadba\u0107 o relacje z bliskimi, przyjaci\u00f3\u0142mi a co dopiero o nowe relacje, o nowe przyja\u017anie.  W dobie pandemii, zabiegania, odizolowania od innych&#8230;przychodz\u0119 do Ciebie z takim projektem&#8230;<\/p>\n\n\n\n<figure class=\"wp-block-image size-large\"><img loading=\"lazy\" decoding=\"async\" width=\"1024\" height=\"682\" src=\"https:\/\/dorotakomasa.pl\/wp-content\/uploads\/2020\/11\/BX9A3744-2-1024x682.jpg\" alt=\"\" class=\"wp-image-234\" srcset=\"https:\/\/dorotakomasa.pl\/wp-content\/uploads\/2020\/11\/BX9A3744-2-1024x682.jpg 1024w, https:\/\/dorotakomasa.pl\/wp-content\/uploads\/2020\/11\/BX9A3744-2-300x200.jpg 300w, https:\/\/dorotakomasa.pl\/wp-content\/uploads\/2020\/11\/BX9A3744-2-768x512.jpg 768w, https:\/\/dorotakomasa.pl\/wp-content\/uploads\/2020\/11\/BX9A3744-2-1536x1023.jpg 1536w, https:\/\/dorotakomasa.pl\/wp-content\/uploads\/2020\/11\/BX9A3744-2.jpg 1650w\" sizes=\"(max-width: 1024px) 100vw, 1024px\" \/><\/figure>\n\n\n\n<p><strong>KLUB W\u0118DRUJ\u0104CYCH SP\u00d3DNIC MOCY, TO:<\/strong><\/p>\n\n\n\n<ul><li><strong>spo\u0142eczno\u015b\u0107 on-line i off-line. <\/strong><\/li><\/ul>\n\n\n\n<p>To znaczy, tworzymy spo\u0142eczno\u015b\u0107 w przestrzeni on-line. Na grupie facebookowej. Tam b\u0119dziesz mog\u0142a do\u0142\u0105czy\u0107 i zaprosi\u0107 inne kobiety. <\/p>\n\n\n\n<ul><li><strong>dost\u0119p do przestrzeni jest darmowy<\/strong>. <\/li><\/ul>\n\n\n\n<p>W ramach grupy, spo\u0142eczno\u015bci odbywa\u0107 si\u0119 b\u0119d\u0105 zar\u00f3wno darmowe wydarzenia, warsztaty jak i odp\u0142atne. Mo\u017cesz korzysta\u0107 ze wszystkiego wg. potrzeb i mo\u017cliwo\u015bci. Warto\u015b\u0107 darmowych tre\u015bci i ich jako\u015b\u0107 jest taka sama jak p\u0142atna. Przy\u015bwieca nam idea, \u017ce wzrasta\u0107 mo\u017cemy w r\u00f3\u017cny spos\u00f3b. A materia, w tym pieni\u0105dze s\u0105 dobre, tak samo jak to co dostajemy bez konieczno\u015bci zap\u0142aty. <\/p>\n\n\n\n<ul><li><strong>du\u017ca i ma\u0142a spo\u0142eczno\u015b\u0107. Co to znaczy? <\/strong><\/li><\/ul>\n\n\n\n<p>Oznacza to, \u017ce w ramach du\u017cej spo\u0142eczno\u015bci, mo\u017cemy pozna\u0107 kobiety te\u017c ze swojej okolicy. Zale\u017cy nam aby\u015bcie w ramach spo\u0142eczno\u015bci nawi\u0105zywa\u0142y realne relacje i wspiera\u0142y si\u0119 wzajemnie. Ka\u017cda ma\u0142a spo\u0142eczno\u015b\u0107 b\u0119dzie mia\u0142a Liderk\u0119 &#8211; \u0141\u0105czniczk\u0119. Tak aby\u015bmy dba\u0142y o utrzymanie idei, z zachowaniem swej naturalnej indywidualno\u015bci. <\/p>\n\n\n\n<ul><li><strong>przestrze\u0144 do nawi\u0105zywania relacji, wymiany do\u015bwiadcze\u0144, wsparcia i inspiracji, mno\u017cenia dobra poprzez jego dzielenie.<\/strong><\/li><\/ul>\n\n\n\n<p>To znaczy, \u017ce wspieramy tutaj budowanie relacji, dobrych i zdrowych dla ka\u017cdych ze stron &#8211; opartych na uwa\u017cno\u015bci, wzajemno\u015bci, szacunku i trosce. Jest tutaj miejsce na dzielenie si\u0119, rozw\u00f3j, odpoczynek, wsparcie, wymian\u0119. B\u0119dzie miejsce, w kt\u00f3rym b\u0119dzie przestrze\u0144 na promowanie swojego biznesu, jednak to nie jest g\u0142\u00f3wnym celem. Je\u015bli chcesz do\u0142\u0105czy\u0107 do grupy w celu pozyskania bezpo\u015brednich klientek, to nie jest to takie miejsce. To, kt\u00f3re tworzymy, s\u0142u\u017cy budowaniu realnego wsparcia, relacji, umo\u017cliwiaj\u0105cych si\u0119ganie po swoj\u0105 moc, bycie w zgodzie ze sob\u0105 i pod\u0105\u017canie za swoim sercem bez chowania si\u0119 przed \u015bwiatem i udawania kogo\u015b kim nie jestem. <\/p>\n\n\n\n<p><\/p>\n\n\n\n<p><strong>DLACZEGO W\u0118DRUJ\u0104CA SP\u00d3DNICA MOCY I CO Z NI\u0104?<\/strong><\/p>\n\n\n\n<p>Na start! <\/p>\n\n\n\n<p><strong>SP\u00d3DNICA MOCY<\/strong> &#8211; to sp\u00f3dnica uszyta z intencj\u0105. Sp\u00f3dnica, kt\u00f3ra ma wspiera\u0107 kobiet\u0119, kt\u00f3ra j\u0105 nosi. Jest to prosta czerwona sp\u00f3dnica z tzw. ko\u0142a. To znaczy, \u017ce gdy si\u0119 obracasz, ona wiruje razem z Tob\u0105. Magia tej sp\u00f3dnicy tkwi w intencji, kt\u00f3re zostaj\u0105 wyszyte, wyhaftowane przez kobiety. B\u0119dziemy takie intencje zbiera\u0107 i spisywa\u0107. B\u0119dzie do tego dost\u0119p na grupie. <\/p>\n\n\n\n<p>SP\u00d3DNICA jest SYMBOLEM &#8211; symbolem relacji ze sw\u0105 kobieco\u015bci\u0105, wolno\u015bci, wi\u0119zi mi\u0119dzy Tob\u0105 a ziemi\u0105 (dlatego d\u0142uga sp\u00f3dnica), mi\u0119dzy Tob\u0105 a innymi kobietami, symbolem uzdrowienia tych relacji. <\/p>\n\n\n\n<p><strong>CZY TO ZNACZY, \u017bE MUSZ\u0118 NOSI\u0106 TAK\u0104 SP\u00d3DNIC\u0118? CO JE\u015aLI NIGDY ICH NIE NOSI\u0141AM I NIE ZAMIERZAM<\/strong> &#8211; zapytasz?<\/p>\n\n\n\n<p>Nie, nie musisz jej nosi\u0107. I Klub W\u0119druj\u0105cych Sp\u00f3dnic Mocy, nie jest ideologi\u0105 w kt\u00f3rej aby by\u0107 jak\u0105\u015b, to trzeba sp\u00f3dnice i to koniecznie d\u0142ugie nosi\u0107! NIE! Tu chodzi o symbolik\u0119 i sp\u00f3dnic\u0119 jako co\u015b co mo\u017cna sobie przekaza\u0107, jako co mo\u017cna przenie\u015b\u0107 swoj\u0105 intencj\u0119 w spos\u00f3b namacalny okiem i dotykiem. Tu chodzi o do\u015bwiadczenie zmiany, otwarcia si\u0119 by\u0107 mo\u017ce na co\u015b nowego, ale nie jest to przymusem, ani oczekiwaniem, ani nakazem. Czuj w tym wolno\u015b\u0107. <\/p>\n\n\n\n<p>W ramach ma\u0142ych grup, b\u0119dziecie mia\u0142y okazj\u0119 si\u0119 lepiej pozna\u0107 i np. przekazywa\u0107 sobie sp\u00f3dnic\u0119. Tak jak dziewczyny z filmu &#8222;Stowarzyszenie W\u0119druj\u0105cych Jeans\u00f3w&#8221;! B\u0119dzie te\u017c okazja do spotka\u0144 na \u017cywo. B\u0119dzie mo\u017cliwo\u015b\u0107 nauczy\u0107 si\u0119 szy\u0107 tak\u0105 sp\u00f3dnic\u0119, nauczy\u0107 si\u0119 haftu, pracy z intencj\u0105. I wiele innych! <\/p>\n\n\n\n<p><strong>JAK JEDNA SP\u00d3DNICA ZMIENI\u0141A MOJE \u017bYCIOWE PRZEKONANIE O SOBIE!<\/strong><\/p>\n\n\n\n<p>O moim osobistym do\u015bwiadczeniu, jak grupa przyjaci\u00f3\u0142 i jedna sp\u00f3dnica odmieni\u0142a moje przekonania na w\u0142asny temat, kt\u00f3re nosi\u0142am ze sob\u0105 i w kt\u00f3re wierzy\u0142am, przez wi\u0119kszo\u015b\u0107 \u017cycia przeczytasz tutaj: <a rel=\"noreferrer noopener\" href=\"https:\/\/dorotakomasa.pl\/?page_id=17\" data-type=\"URL\" data-id=\"https:\/\/dorotakomasa.pl\/?page_id=17\" target=\"_blank\">KLIK!<\/a> To jeden z powod\u00f3w powstania tej grupy. Potrzeba niesienia dalej tego, \u017ce bliskie relacje potrafi\u0105 zmieni\u0107 nasze dotychczasowe \u017cycie. <\/p>\n\n\n\n<figure class=\"wp-block-pullquote\"><blockquote><p>Dobre, zdrowe, bliskie relacje wspieraj\u0105 nas w zobaczeniu kim jeste\u015bmy naprawd\u0119 a nie kim nauczy\u0142y\u015bmy si\u0119 by\u0107!<\/p><cite>DORIKO<\/cite><\/blockquote><\/figure>\n\n\n\n<p><strong>Kto ze mn\u0105 dzia\u0142a? <\/strong><\/p>\n\n\n\n<p>Projekt nie powsta\u0142by gdyby nie El\u017cbieta Wo\u017anicka, kt\u00f3ra pewnego dnia wys\u0142a\u0142a mi zdj\u0119cie wyhaftowanej sukni i zapyta\u0142a, czy zrobi\u0142yby\u015bmy tak\u0105 akcj\u0119 jak dziewczyny z filmu z d\u017cinsami! Ela wspiera ten projekt i z pewno\u015bci\u0105 b\u0119dziecie mia\u0142y okazj\u0119 j\u0105 pozna\u0107! To cudowna dusza, kt\u00f3ra uzdrawia dotykiem! <\/p>\n\n\n\n<p><strong>MASZ PYTANIA, CHCESZ SI\u0118 ZAPISA\u0106?<\/strong><\/p>\n\n\n\n<p>Kontakt: <\/p>\n\n\n\n<p>Doriko &#8211; Dorota Komasa<\/p>\n\n\n\n<p>e-mail: dorota@swiatlopelni.pl<\/p>\n\n\n\n<p><\/p>\n","protected":false},"excerpt":{"rendered":"<p>Pami\u0119tasz, widzia\u0142a\u015b mo\u017ce film: &#8222;Stowarzyszenie W\u0119druj\u0105cych Jeans\u00f3w&#8221; (re\u017c.Ken Kwapis)? To film o przyjaci\u00f3\u0142kach, kt\u00f3re znaj\u0105 si\u0119 od dzieci\u0144stwa, ka\u017cda jest inna, s\u0105 dla siebie wa\u017cne i pierwszy raz sp\u0119dz\u0105 wakacje oddzielnie. Przed rozstaniem id\u0105 kupi\u0107 jaki\u015b ciuchy, kupuj\u0105 jeansy, kt\u00f3re pasuj\u0105 na ka\u017cd\u0105 z nich i staj\u0105 si\u0119 symbolem \u0142\u0105cz\u0105cej je wi\u0119zi. Dziewczyny przekazuj\u0105 je <a class=\"read-more\" href=\"https:\/\/dorotakomasa.pl\/?page_id=191\">Read More<\/a><\/p>\n","protected":false},"author":2,"featured_media":0,"parent":0,"menu_order":0,"comment_status":"closed","ping_status":"closed","template":"","meta":{"footnotes":""},"_links":{"self":[{"href":"https:\/\/dorotakomasa.pl\/index.php?rest_route=\/wp\/v2\/pages\/191"}],"collection":[{"href":"https:\/\/dorotakomasa.pl\/index.php?rest_route=\/wp\/v2\/pages"}],"about":[{"href":"https:\/\/dorotakomasa.pl\/index.php?rest_route=\/wp\/v2\/types\/page"}],"author":[{"embeddable":true,"href":"https:\/\/dorotakomasa.pl\/index.php?rest_route=\/wp\/v2\/users\/2"}],"replies":[{"embeddable":true,"href":"https:\/\/dorotakomasa.pl\/index.php?rest_route=%2Fwp%2Fv2%2Fcomments&post=191"}],"version-history":[{"count":5,"href":"https:\/\/dorotakomasa.pl\/index.php?rest_route=\/wp\/v2\/pages\/191\/revisions"}],"predecessor-version":[{"id":235,"href":"https:\/\/dorotakomasa.pl\/index.php?rest_route=\/wp\/v2\/pages\/191\/revisions\/235"}],"wp:attachment":[{"href":"https:\/\/dorotakomasa.pl\/index.php?rest_route=%2Fwp%2Fv2%2Fmedia&parent=191"}],"curies":[{"name":"wp","href":"https:\/\/api.w.org\/{rel}","templated":true}]}}