{"id":193,"date":"2020-11-19T15:25:12","date_gmt":"2020-11-19T15:25:12","guid":{"rendered":"https:\/\/dorotakomasa.pl\/?page_id=193"},"modified":"2020-11-19T21:57:40","modified_gmt":"2020-11-19T21:57:40","slug":"klub-wsm-grupa-na-facebooku","status":"publish","type":"page","link":"https:\/\/dorotakomasa.pl\/?page_id=193","title":{"rendered":"DO\u0141\u0104CZ DO KLUBU WSM"},"content":{"rendered":"\n<p>Do Klubu W\u0119druj\u0105cych Sp\u00f3dnic Mocy mo\u017cna do\u0142\u0105czy\u0107 na dwa sposoby. <\/p>\n\n\n\n<ol><li><strong>Interaktywny. Poprzez do\u0142\u0105czenie do grypy na facebooku.<\/strong> <\/li><\/ol>\n\n\n\n<p>Aby to zrobi\u0107 musisz posiada\u0107 konto na facebooku, z prawdziwym zdj\u0119ciem siebie. Je\u015bli z jakiego\u015b powodu nie umieszczasz takiego zdj\u0119cia &#8211; skontaktuj si\u0119 z nami osobi\u015bcie. Po wybraniu grupy <strong>WA\u017bNE!<\/strong> aby\u015b <strong>odpowiedzia\u0142a na trzy kr\u00f3tkie pytania<\/strong>, po przeczytaniu Twoich odpowiedzi otrzymasz potwierdzenie i dost\u0119p do grupy oraz wszystkich materia\u0142\u00f3w i tre\u015bci jakie si\u0119 tam znajduj\u0105. Je\u015bli nie zrobisz tego odrazu, administratorka nie b\u0119dzie mog\u0142a Ci\u0119 doda\u0107. W razie trudno\u015bci skontaktuj si\u0119 z nami przez stron\u0119 na facebooku<strong> <a rel=\"noreferrer noopener\" href=\"https:\/\/www.facebook.com\/groups\/296347184906496?notif_id=1605821591816146&amp;notif_t=group_milestone&amp;ref=notif\" data-type=\"URL\" data-id=\"https:\/\/www.facebook.com\/groups\/296347184906496?notif_id=1605821591816146&amp;notif_t=group_milestone&amp;ref=notif\" target=\"_blank\">SIOSTRO IDZIEMY RAZEM. KLUB WSM.<\/a><\/strong><\/p>\n\n\n\n<p><\/p>\n\n\n\n<figure class=\"wp-block-image alignwide size-large\"><img loading=\"lazy\" decoding=\"async\" width=\"1024\" height=\"390\" src=\"https:\/\/dorotakomasa.pl\/wp-content\/uploads\/2020\/11\/Lubie-dlugie-romantyczne-1024x390.png\" alt=\"\" class=\"wp-image-237\" srcset=\"https:\/\/dorotakomasa.pl\/wp-content\/uploads\/2020\/11\/Lubie-dlugie-romantyczne-1024x390.png 1024w, https:\/\/dorotakomasa.pl\/wp-content\/uploads\/2020\/11\/Lubie-dlugie-romantyczne-300x114.png 300w, https:\/\/dorotakomasa.pl\/wp-content\/uploads\/2020\/11\/Lubie-dlugie-romantyczne-768x292.png 768w, https:\/\/dorotakomasa.pl\/wp-content\/uploads\/2020\/11\/Lubie-dlugie-romantyczne-1536x584.png 1536w, https:\/\/dorotakomasa.pl\/wp-content\/uploads\/2020\/11\/Lubie-dlugie-romantyczne-2048x779.png 2048w\" sizes=\"(max-width: 1024px) 100vw, 1024px\" \/><\/figure>\n\n\n\n<p>2. <strong>Mailowy. Dwa razy w miesi\u0105cu otrzymasz newsletter<\/strong>, w tre\u015bciami dotycz\u0105cymi budowania wspieraj\u0105cych, zdrowych relacji, rozwoju osobistego, kobieco\u015bci, siostrze\u0144stwa, warsztat\u00f3w i spotka\u0144 kobiet w ramach WSM. Zar\u00f3wno tych on-line jak i tych offline! B\u0119dziesz na bie\u017c\u0105co, cho\u0107 nie b\u0119dzie to tak interaktywne jak w przypadku facebooka. Do\u0142o\u017cymy jednak wszelkich stara\u0144 aby\u015b mia\u0142a r\u00f3wnie satysfakcjonuj\u0105cy dost\u0119p do tych tre\u015bci co kobiety na grupie. Je\u015bli zrodzi si\u0119 pomys\u0142 na grup\u0119 poza facebookiem &#8211; wdro\u017cymy go! <\/p>\n\n\n\n<p><strong>CZY MO\u017bNA KORZYSTA\u0106 I Z GRUPY NA FB I NEWSLETTERA? TAK!<\/strong><\/p>\n\n\n\n<p>Planowane spotkania on-line b\u0119d\u0105 odbywa\u0107 si\u0119 np. na ZOOMIE. Nie b\u0119dzie do tego potrzebny facebook. B\u0119d\u0105c zapisan\u0105 do newslettera, b\u0119dziesz otrzymywa\u0107 nagrania poprzez link do kana\u0142u YouTube, co tak\u017ce nie wymaga rejestracji. <\/p>\n\n\n\n<p><strong>Rozgo\u015b\u0107 si\u0119 i czerp ze wsp\u00f3lnego \u0179R\u00d3D\u0141A! <\/strong><\/p>\n\n\n\n<p>Do zobaczenia, us\u0142yszenia, przeczytania! <\/p>\n\n\n\n<p>Doriko<\/p>\n\n\n\n<div class=\"wp-block-group\"><div class=\"wp-block-group__inner-container is-layout-flow wp-block-group-is-layout-flow\">\n\n            <div id=\"mailerlite-form_2\" data-temp-id=\"69f2fa82f3f1f\">\n                <div class=\"mailerlite-form\">\n                    <form action=\"\" method=\"post\" novalidate>\n                                                    <div class=\"mailerlite-form-title\"><h3>Klub W\u0119druj\u0105cych Sp\u00f3dnic Mocy<\/h3><\/div>\n                                                <div class=\"mailerlite-form-description\"><p><strong>Do\u0142\u0105czam do Klubu W\u0119druj\u0105cych Sp\u00f3dnic Mocy. Chc\u0119 wzrasta\u0107 w spo\u0142eczno\u015bci innych kobiet.<\/strong><\/p>\n<\/div>\n                        <div class=\"mailerlite-form-inputs\">\n                                                                                            <div class=\"mailerlite-form-field\">\n                                    <label for=\"mailerlite-2-field-email\">Email<\/label>\n                                    <input id=\"mailerlite-2-field-email\"\n                                           type=\"email\" required=\"required\"                                            name=\"form_fields[email]\"\n                                           placeholder=\"Email\"\/>\n                                <\/div>\n                                                                                            <div class=\"mailerlite-form-field\">\n                                    <label for=\"mailerlite-2-field-name\">Name<\/label>\n                                    <input id=\"mailerlite-2-field-name\"\n                                           type=\"text\"                                            name=\"form_fields[name]\"\n                                           placeholder=\"Name\"\/>\n                                <\/div>\n                                                        <div class=\"mailerlite-form-loader\">Please wait...<\/div>\n                            <div class=\"mailerlite-subscribe-button-container\">\n                                <button class=\"mailerlite-subscribe-submit\" type=\"submit\">\n                                    Zapisuj\u0119 si\u0119 do Klubu!                                <\/button>\n                            <\/div>\n                            <input type=\"hidden\" name=\"form_id\" value=\"2\"\/>\n                            <input type=\"hidden\" name=\"action\" value=\"mailerlite_subscribe_form\"\/>\n                            <input type=\"hidden\" name=\"ml_nonce\" value=\"51d6cc465f\"\/>\n                        <\/div>\n                        <div class=\"mailerlite-form-response\">\n                                                            <h4><p><strong><span style=\"color: #339966\">Dobrze Ci\u0119 widzie\u0107! W\u0142a\u015bnie zapisa\u0142a\u015b si\u0119\u00a0 do Newslettera Klubu WSM. B\u0105d\u017a na bie\u017c\u0105co i wzrastaj w swoim tempie! Wspania\u0142ej podr\u00f3\u017cy!<\/span><\/strong><\/p>\n<\/h4>\n                                                    <\/div>\n                    <\/form>\n                <\/div>\n            <\/div>\n        <script type=\"text\/javascript\" src='https:\/\/dorotakomasa.pl\/wp-content\/plugins\/official-mailerlite-sign-up-forms\/assets\/js\/localization\/validation-messages.js'><\/script>\n         <script type=\"text\/javascript\"> var selectedLanguage = \"pl\"; var validationMessages = messages[\"en\"]; if(selectedLanguage) { validationMessages = messages[selectedLanguage]; } window.addEventListener(\"load\", function () { var form_container = document.querySelector(`#mailerlite-form_2[data-temp-id=\"69f2fa82f3f1f\"] form`); let submitButton = form_container.querySelector('.mailerlite-subscribe-submit'); submitButton.disabled = true; fetch('https:\/\/dorotakomasa.pl\/wp-admin\/admin-ajax.php', { method: 'POST', headers:{ 'Content-Type': 'application\/x-www-form-urlencoded', }, body: new URLSearchParams({ \"action\" : \"ml_create_nonce\", \"ml_nonce\" : form_container.querySelector(\"input[name='ml_nonce']\").value }) }) .then((response) => response.json()) .then((json) => { if(json.success) { form_container.querySelector(\"input[name='ml_nonce']\").value = json.data.ml_nonce; submitButton.disabled = false; } }) .catch((error) => { console.error('Error:', error); }); form_container.addEventListener('submit', (e) => { e.preventDefault(); let data = new URLSearchParams(new FormData(form_container)).toString(); let validationError = false; document.querySelectorAll('.mailerlite-form-error').forEach(el => el.remove()); Array.from(form_container.elements).forEach((input) => { if(input.type !== 'hidden') { if(input.required) { if(input.value == '') { validationError = true; let error = document.createElement(\"span\"); error.className = 'mailerlite-form-error'; error.textContent = validationMessages.required; input.after(error); return false; } } if((input.type == \"email\") && (!validateEmail(input.value))) { validationError = true; let error = document.createElement(\"span\"); error.className = 'mailerlite-form-error'; error.textContent = validationMessages.email; input.after(error); return false; } } }); if(validationError) { return false; } fade.out(form_container.querySelector('.mailerlite-subscribe-button-container'), () => { fade.in(form_container.querySelector('.mailerlite-form-loader')); }); fetch('https:\/\/dorotakomasa.pl\/wp-admin\/admin-ajax.php', { method: 'POST', headers:{ 'Content-Type': 'application\/x-www-form-urlencoded', }, body: data }) .then((response) => { fade.out(form_container.querySelector('.mailerlite-form-inputs'), () => { fade.in(form_container.querySelector('.mailerlite-form-response')); }); }) .catch((error) => { console.error('Error:', error); }); }); }, false); var fade = { out: function(el, fn = false) { var fadeOutEffect = setInterval(function () { if (!el.style.opacity) { el.style.opacity = 1; } if (el.style.opacity > 0) { el.style.opacity -= 0.1; } else { el.style.display = 'none'; clearInterval(fadeOutEffect); } }, 50); if( typeof (fn) == 'function') { fn(); } }, in: function(el) { var fadeInEffect = setInterval(function () { if (!el.style.opacity) { el.style.opacity = 0; } if (el.style.opacity < 1) { el.style.opacity = Number(el.style.opacity) + 0.1; } else { el.style.display = 'block'; clearInterval(fadeInEffect); } }, 50); } }; function validateEmail(email){ if(email.match( \/^(([^<>()[\\]\\\\.,;:\\s@\\\"]+(\\.[^<>()[\\]\\\\.,;:\\s@\\\"]+)*)|(\\\".+\\\"))@((\\[[0-9]{1,3}\\.[0-9]{1,3}\\.[0-9]{1,3}\\.[0-9]{1,3}\\])|(([a-zA-Z\\-0-9]+\\.)+[a-zA-Z]{2,}))$\/ )) { return true; } return false; } <\/script> \n<\/div><\/div>\n","protected":false},"excerpt":{"rendered":"<p>Do Klubu W\u0119druj\u0105cych Sp\u00f3dnic Mocy mo\u017cna do\u0142\u0105czy\u0107 na dwa sposoby. Interaktywny. Poprzez do\u0142\u0105czenie do grypy na facebooku. Aby to zrobi\u0107 musisz posiada\u0107 konto na facebooku, z prawdziwym zdj\u0119ciem siebie. Je\u015bli z jakiego\u015b powodu nie umieszczasz takiego zdj\u0119cia &#8211; skontaktuj si\u0119 z nami osobi\u015bcie. Po wybraniu grupy WA\u017bNE! aby\u015b odpowiedzia\u0142a na trzy kr\u00f3tkie pytania, po przeczytaniu <a class=\"read-more\" href=\"https:\/\/dorotakomasa.pl\/?page_id=193\">Read More<\/a><\/p>\n","protected":false},"author":2,"featured_media":0,"parent":0,"menu_order":0,"comment_status":"closed","ping_status":"closed","template":"","meta":{"footnotes":""},"_links":{"self":[{"href":"https:\/\/dorotakomasa.pl\/index.php?rest_route=\/wp\/v2\/pages\/193"}],"collection":[{"href":"https:\/\/dorotakomasa.pl\/index.php?rest_route=\/wp\/v2\/pages"}],"about":[{"href":"https:\/\/dorotakomasa.pl\/index.php?rest_route=\/wp\/v2\/types\/page"}],"author":[{"embeddable":true,"href":"https:\/\/dorotakomasa.pl\/index.php?rest_route=\/wp\/v2\/users\/2"}],"replies":[{"embeddable":true,"href":"https:\/\/dorotakomasa.pl\/index.php?rest_route=%2Fwp%2Fv2%2Fcomments&post=193"}],"version-history":[{"count":6,"href":"https:\/\/dorotakomasa.pl\/index.php?rest_route=\/wp\/v2\/pages\/193\/revisions"}],"predecessor-version":[{"id":240,"href":"https:\/\/dorotakomasa.pl\/index.php?rest_route=\/wp\/v2\/pages\/193\/revisions\/240"}],"wp:attachment":[{"href":"https:\/\/dorotakomasa.pl\/index.php?rest_route=%2Fwp%2Fv2%2Fmedia&parent=193"}],"curies":[{"name":"wp","href":"https:\/\/api.w.org\/{rel}","templated":true}]}}