{"id":197,"date":"2020-11-19T15:26:17","date_gmt":"2020-11-19T15:26:17","guid":{"rendered":"https:\/\/dorotakomasa.pl\/?page_id=197"},"modified":"2020-11-19T15:33:13","modified_gmt":"2020-11-19T15:33:13","slug":"zamow-spodnice-mocy-dla-siebie","status":"publish","type":"page","link":"https:\/\/dorotakomasa.pl\/?page_id=197","title":{"rendered":"ZAM\u00d3W DLA SIEBIE SP\u00d3DNIC\u0118 MOCY"},"content":{"rendered":"","protected":false},"excerpt":{"rendered":"","protected":false},"author":2,"featured_media":0,"parent":0,"menu_order":0,"comment_status":"closed","ping_status":"closed","template":"","meta":{"footnotes":""},"_links":{"self":[{"href":"https:\/\/dorotakomasa.pl\/index.php?rest_route=\/wp\/v2\/pages\/197"}],"collection":[{"href":"https:\/\/dorotakomasa.pl\/index.php?rest_route=\/wp\/v2\/pages"}],"about":[{"href":"https:\/\/dorotakomasa.pl\/index.php?rest_route=\/wp\/v2\/types\/page"}],"author":[{"embeddable":true,"href":"https:\/\/dorotakomasa.pl\/index.php?rest_route=\/wp\/v2\/users\/2"}],"replies":[{"embeddable":true,"href":"https:\/\/dorotakomasa.pl\/index.php?rest_route=%2Fwp%2Fv2%2Fcomments&post=197"}],"version-history":[{"count":3,"href":"https:\/\/dorotakomasa.pl\/index.php?rest_route=\/wp\/v2\/pages\/197\/revisions"}],"predecessor-version":[{"id":207,"href":"https:\/\/dorotakomasa.pl\/index.php?rest_route=\/wp\/v2\/pages\/197\/revisions\/207"}],"wp:attachment":[{"href":"https:\/\/dorotakomasa.pl\/index.php?rest_route=%2Fwp%2Fv2%2Fmedia&parent=197"}],"curies":[{"name":"wp","href":"https:\/\/api.w.org\/{rel}","templated":true}]}}