{"id":21,"date":"2020-10-21T15:55:21","date_gmt":"2020-10-21T15:55:21","guid":{"rendered":"https:\/\/dorotakomasa.pl\/?page_id=21"},"modified":"2020-11-20T22:54:50","modified_gmt":"2020-11-20T22:54:50","slug":"o-mnie","status":"publish","type":"page","link":"https:\/\/dorotakomasa.pl\/?page_id=21","title":{"rendered":"o mnie"},"content":{"rendered":"\n<figure class=\"wp-block-image alignfull size-large is-style-default\"><img loading=\"lazy\" decoding=\"async\" width=\"1024\" height=\"819\" src=\"https:\/\/dorotakomasa.pl\/wp-content\/uploads\/2020\/11\/my-power-is-my-stilness-1-1024x819.png\" alt=\"\" class=\"wp-image-162\" srcset=\"https:\/\/dorotakomasa.pl\/wp-content\/uploads\/2020\/11\/my-power-is-my-stilness-1-1024x819.png 1024w, https:\/\/dorotakomasa.pl\/wp-content\/uploads\/2020\/11\/my-power-is-my-stilness-1-300x240.png 300w, https:\/\/dorotakomasa.pl\/wp-content\/uploads\/2020\/11\/my-power-is-my-stilness-1-768x614.png 768w, https:\/\/dorotakomasa.pl\/wp-content\/uploads\/2020\/11\/my-power-is-my-stilness-1-1536x1229.png 1536w, https:\/\/dorotakomasa.pl\/wp-content\/uploads\/2020\/11\/my-power-is-my-stilness-1.png 2000w\" sizes=\"(max-width: 1024px) 100vw, 1024px\" \/><\/figure>\n\n\n\n<figure class=\"wp-block-image alignfull size-large\"><img loading=\"lazy\" decoding=\"async\" width=\"1024\" height=\"819\" src=\"https:\/\/dorotakomasa.pl\/wp-content\/uploads\/2020\/11\/my-power-is-my-stilness-3-1024x819.png\" alt=\"\" class=\"wp-image-167\" srcset=\"https:\/\/dorotakomasa.pl\/wp-content\/uploads\/2020\/11\/my-power-is-my-stilness-3-1024x819.png 1024w, https:\/\/dorotakomasa.pl\/wp-content\/uploads\/2020\/11\/my-power-is-my-stilness-3-300x240.png 300w, https:\/\/dorotakomasa.pl\/wp-content\/uploads\/2020\/11\/my-power-is-my-stilness-3-768x614.png 768w, https:\/\/dorotakomasa.pl\/wp-content\/uploads\/2020\/11\/my-power-is-my-stilness-3-1536x1229.png 1536w, https:\/\/dorotakomasa.pl\/wp-content\/uploads\/2020\/11\/my-power-is-my-stilness-3.png 2000w\" sizes=\"(max-width: 1024px) 100vw, 1024px\" \/><\/figure>\n\n\n\n<h2 class=\"has-text-align-center wp-block-heading\"><strong>Nazywam si\u0119 Dorota Maria Komasa &#8211; DORIKO. <\/strong><\/h2>\n\n\n\n<p><strong>Jestem Trenerk\u0105 Rozwoju poprzez \u015awiadomo\u015b\u0107 Cia\u0142a, Ruchu i uwa\u017cny dotyk. <\/strong><\/p>\n\n\n\n<p><strong><em>Ucz\u0119 moje klientki:<\/em><\/strong><\/p>\n\n\n\n<ul><li>jak lepiej rozumie\u0107 swoje cia\u0142o i jego j\u0119zyk, kt\u00f3ry przejawia si\u0119 w r\u00f3\u017cnych symptomach i odczuciach<\/li><li>jak si\u0119 ze swoim cia\u0142em i umys\u0142em dogada\u0107 <\/li><li>jak pod\u0105\u017ca\u0107 za g\u0142osem serca\/duszy i co to w og\u00f3le znaczy<\/li><li>co mo\u017cesz zrobi\u0107 aby skontaktowa\u0107 si\u0119 ze swoj\u0105 MOC\u0104, czym ona jest, jak mo\u017cesz z niej korzysta\u0107<\/li><li>jak przemienia\u0107 trudno\u015bci, s\u0142abo\u015bci w zasoby<\/li><li>jak z odwag\u0105 i wra\u017cliwo\u015bci\u0105 kroczy\u0107 swoj\u0105 \u015acie\u017ck\u0105 Serca<\/li><li>jak ukocha\u0107 swoje cia\u0142o, rozpieszcza\u0107 siebie i czu\u0107 si\u0119 ze sob\u0105 dobrze!<\/li><li>jak odzyska\u0107 moc p\u0142yn\u0105c\u0105 z po\u0142\u0105czenia ze swoj\u0105 dzik\u0105 natur\u0105, kobiec\u0105 cykliczno\u015bci\u0105, Matk\u0105 Ziemi\u0105 i dlaczego to takie wa\u017cne! <\/li><li>jak to jest by\u0107 uciele\u015bnieniem duchowej kobieco\u015bci!<\/li><\/ul>\n\n\n\n<figure class=\"wp-block-image size-large\"><img loading=\"lazy\" decoding=\"async\" width=\"1024\" height=\"683\" src=\"https:\/\/dorotakomasa.pl\/wp-content\/uploads\/2020\/11\/BX9A2871-1024x683.jpg\" alt=\"\" class=\"wp-image-243\" srcset=\"https:\/\/dorotakomasa.pl\/wp-content\/uploads\/2020\/11\/BX9A2871-1024x683.jpg 1024w, https:\/\/dorotakomasa.pl\/wp-content\/uploads\/2020\/11\/BX9A2871-300x200.jpg 300w, https:\/\/dorotakomasa.pl\/wp-content\/uploads\/2020\/11\/BX9A2871-768x512.jpg 768w, https:\/\/dorotakomasa.pl\/wp-content\/uploads\/2020\/11\/BX9A2871-1536x1024.jpg 1536w, https:\/\/dorotakomasa.pl\/wp-content\/uploads\/2020\/11\/BX9A2871-2048x1365.jpg 2048w\" sizes=\"(max-width: 1024px) 100vw, 1024px\" \/><figcaption>Zdj\u0119cie zrobione podczas sesji uzdrawiaj\u0105cego dotyku Masa\u017cu Lomi Lomi Nui<\/figcaption><\/figure>\n\n\n\n<p><strong><em>Tworz\u0119 przestrze\u0144 w kt\u00f3rej mo\u017cesz do\u015bwiadczy\u0107, u\u015bwiadomi\u0107 sobie, poczu\u0107:<\/em><\/strong><\/p>\n\n\n\n<ul><li>dlaczego warto wr\u00f3ci\u0107 do cia\u0142a, do czucia, do domu<\/li><li>\u017ce dobre, pe\u0142ne mi\u0142o\u015bci i szacunku relacje zmieniaj\u0105 \u017cycie i \u017ce Ty sama mo\u017cesz tego do\u015bwiadczy\u0107!<\/li><li>\u017ce Ty, Twoje cia\u0142o, Twoja tw\u00f3rczo\u015b\u0107, Twoje plany i Twoja intuicja zas\u0142uguj\u0105 na szacunek, a jednym ze sposob\u00f3w na okazanie ich sobie i egzekwowanie od \u015bwiata to wzi\u0119cie pod uwag\u0119 samej siebie, tego co czujesz i jak do\u015bwiadczasz tego \u015bwiata oraz tego jest dla Ciebie WA\u017bNE! Nikt tego za Ciebie nie zrobi!<\/li><li>\u017ce uzdrowienie mo\u017ce wydarza\u0107 si\u0119 poprzez koj\u0105cy, uwa\u017cny i \u015bwiadomy dotyk<\/li><li>\u017ce uzdrowienie mo\u017ce wydarzy\u0107 si\u0119 poprzez przyjemno\u015b\u0107, w rozumieniu jej jako pe\u0142ni \u017cycia a nie tylko do\u015bwiadczaniu powierzchownych zachcianek<\/li><li>\u017ce b\u00f3l, cierpienie, zablokowanie gromadzone latami w ciele i umy\u015ble mo\u017cna uwolni\u0107 i \u017cy\u0107 w swobodnym przep\u0142ywie \/ <strong>ucz\u0119 jak to zrobi\u0107<\/strong><\/li><li>\u017ce to czego pragniesz, jest mo\u017cliwe do spe\u0142nienia<\/li><li>\u017ce jeste\u015b CUDem i nosisz w sobie wiele DAR\u00f3w do odkrycia<\/li><li>\u017ce masz MOC sprawcz\u0105, kt\u00f3ra pozwoli Ci odzyska\u0107 swoje \u017bYCIE, \u017cy\u0107 swoj\u0105 PE\u0141NI\u0104, manifestowa\u0107 j\u0105 w \u015bwiecie<\/li><li>\u017ce mo\u017cesz korzysta\u0107 ze wsparcia r\u00f3\u017cnych os\u00f3b i metod<\/li><li>\u017ce spo\u0142eczno\u015b\u0107 kobiet ma MOC, jest dobra, wspieraj\u0105ca i potrzebna, a Ty jeste\u015b cz\u0119\u015bci\u0105 niej!<\/li><\/ul>\n\n\n\n<p><strong>A TO CO NAJWA\u017bNIEJSZE<\/strong>, od czego ca\u0142a podr\u00f3\u017c do siebie, do czucia, do domu, do spe\u0142nionego \u017cycia si\u0119 zaczyna to:<\/p>\n\n\n\n<h2 class=\"wp-block-heading\">DECYZJA! TAK, TEGO CHC\u0118!<\/h2>\n\n\n\n<p><strong><em>Mo\u017cesz dokona\u0107 wyboru jak dalej potoczy si\u0119 Twoja droga:<\/em><\/strong><\/p>\n\n\n\n<ul><li>mo\u017cesz zacz\u0105\u0107 widzie\u0107 r\u00f3\u017cnic\u0119, ze  wysi\u0142ek podj\u0119ty w zwi\u0105zku z realizacj\u0105 swojego pragnienia to co innego ni\u017c wysi\u0142ek do kt\u00f3rego by\u0142a\u015b zmuszana, kt\u00f3rego od Ciebie oczekiwano w s\u0142u\u017cbie cudzych interes\u00f3w (zaspokajanie potrzeb pracodawcy, partnera\/rki, rodziny, etc)<\/li><li>mo\u017cesz si\u0119 zaanga\u017cowa\u0107 w kreowanie zmiany, kt\u00f3rej pragniesz, zamiast w utwierdzaniu si\u0119 w starych przekonaniach! Bo to si\u0119 op\u0142aca Tobie i wszystkim czuj\u0105cym istotom<\/li><li>mo\u017cesz znale\u017a\u0107 swoj\u0105 spo\u0142eczno\u015b\u0107. Zar\u00f3wno t\u0119 w kt\u00f3rej b\u0119dziesz wzrasta\u0107, rozwija\u0107 si\u0119, kt\u00f3ra da Ci wsparcie, kt\u00f3ra b\u0119dzie jak Oaza, dawa\u0142a przestrze\u0144 do wytchnienia, jak i tak\u0105, w kt\u00f3rej b\u0119dziesz Bohaterk\u0105, Przewodniczk\u0105, w kt\u00f3rej to Ty b\u0119dziesz wspiera\u0107 inne istoty<\/li><\/ul>\n\n\n\n<p><strong><em>Co ja tutaj robi\u0119? <\/em><\/strong><\/p>\n\n\n\n<ul><li>towarzysz\u0119<\/li><li>czuj\u0119<\/li><li>tworz\u0119 przestrze\u0144<\/li><li>dziel\u0119 si\u0119 narz\u0119dziami, swoim do\u015bwiadczeniem i wiedz\u0105<\/li><li>zadaj\u0119 pytania<\/li><li>dotykiem poruszam dusz\u0119, daj\u0119 przestrze\u0144 dla uzdrowienia cia\u0142a<\/li><li>podaj\u0119 pomocn\u0105 d\u0142o\u0144<\/li><li>czasami \u015bpiewam, zach\u0119cam do uwalniania g\u0142osu<\/li><li>modeluj\u0119 nowe wzorce<\/li><li>pokazuj\u0119, \u017ce mo\u017cna inaczej<\/li><li>wspieram<\/li><li>jestem przy Tobie obecna cia\u0142em, umys\u0142em i duchem<\/li><li>otulam, obejmuj\u0119 w ca\u0142o\u015bci<\/li><li>inspiruj\u0119<\/li><li>nios\u0119 \u015bwiat\u0142o i nadziej\u0119, tam gdzie ciemno\u015b\u0107 i mrok<\/li><li>daj\u0119 wyzwania<\/li><\/ul>\n\n\n\n<p><\/p>\n\n\n\n<figure class=\"wp-block-image size-large\"><img loading=\"lazy\" decoding=\"async\" width=\"1024\" height=\"680\" src=\"https:\/\/dorotakomasa.pl\/wp-content\/uploads\/2020\/11\/DSC_0435-1024x680.jpg\" alt=\"\" class=\"wp-image-242\" srcset=\"https:\/\/dorotakomasa.pl\/wp-content\/uploads\/2020\/11\/DSC_0435-1024x680.jpg 1024w, https:\/\/dorotakomasa.pl\/wp-content\/uploads\/2020\/11\/DSC_0435-300x199.jpg 300w, https:\/\/dorotakomasa.pl\/wp-content\/uploads\/2020\/11\/DSC_0435-768x510.jpg 768w, https:\/\/dorotakomasa.pl\/wp-content\/uploads\/2020\/11\/DSC_0435-1536x1020.jpg 1536w, https:\/\/dorotakomasa.pl\/wp-content\/uploads\/2020\/11\/DSC_0435-2048x1360.jpg 2048w\" sizes=\"(max-width: 1024px) 100vw, 1024px\" \/><figcaption>Kamienny Kr\u0105g &#8211; Wszystkie jeste\u015bmy Po\u0142\u0105czone &#8211; Portugalia<\/figcaption><\/figure>\n\n\n\n<p><strong>JAKIMI METODAMI PRACUJ\u0118?<\/strong><\/p>\n\n\n\n<p>W swojej pracy wykorzystuj\u0119:<\/p>\n\n\n\n<ul><li>metod\u0119 \u015awiadomo\u015bci i Symboliki Cia\u0142a i Ruchu wg. Metody Detlefa Kapperta<\/li><li>wiedz\u0119 i do\u015bwiadczenie wynikaj\u0105ce z praktyki Masa\u017cu Lomi Lomi Nui, Hawajskiej Filozofii i \u015awiadomej pracy z cia\u0142em<\/li><li>taniec intuicyjny <\/li><li>wiedz\u0119 o powi\u0119zi i jej funkcjonowaniu<\/li><li>medytacj\u0119, relaksacj\u0119, wizualizacj\u0119 <\/li><li>metod\u0119 pracy warsztatowej z grupami opartej na kr\u0119gu i integracji<\/li><li>wieloletnie do\u015bwiadczenie w edukacji alternatywnej, socjoterapii i arteterapii<\/li><li>umiej\u0119tno\u015bci komunikacji empatycznej<\/li><li>fotografi\u0119<\/li><li>tw\u00f3rczo\u015b\u0107<\/li><li>prac\u0119 z intencj\u0105<\/li><li>m\u0105dro\u015b\u0107 natury<\/li><li>b\u0119ben szama\u0144ski i inne instrumenty<\/li><li>naturalne olejki eteryczne i wiedz\u0119 na temat ich zastosowania <\/li><li>uwa\u017cno\u015b\u0107 i czu\u0142\u0105 obecno\u015b\u0107<\/li><li>prac\u0119 z pod\u015bwiadomo\u015bci\u0105, przekonaniami i tzw. polem<\/li><\/ul>\n\n\n\n<div class=\"wp-block-image\"><figure class=\"aligncenter size-large\"><img loading=\"lazy\" decoding=\"async\" width=\"2560\" height=\"2560\" src=\"https:\/\/dorotakomasa.pl\/wp-content\/uploads\/2020\/11\/BX9A9676-edited-scaled.jpg\" alt=\"\" class=\"wp-image-247\" srcset=\"https:\/\/dorotakomasa.pl\/wp-content\/uploads\/2020\/11\/BX9A9676-edited-scaled.jpg 2560w, https:\/\/dorotakomasa.pl\/wp-content\/uploads\/2020\/11\/BX9A9676-edited-300x300.jpg 300w, https:\/\/dorotakomasa.pl\/wp-content\/uploads\/2020\/11\/BX9A9676-edited-1024x1024.jpg 1024w, https:\/\/dorotakomasa.pl\/wp-content\/uploads\/2020\/11\/BX9A9676-edited-150x150.jpg 150w, https:\/\/dorotakomasa.pl\/wp-content\/uploads\/2020\/11\/BX9A9676-edited-768x768.jpg 768w, https:\/\/dorotakomasa.pl\/wp-content\/uploads\/2020\/11\/BX9A9676-edited-1536x1536.jpg 1536w, https:\/\/dorotakomasa.pl\/wp-content\/uploads\/2020\/11\/BX9A9676-edited-2048x2048.jpg 2048w\" sizes=\"(max-width: 2560px) 100vw, 2560px\" \/><\/figure><\/div>\n\n\n\n<p><strong>CO MOG\u0118 CI ZAPROPONOWA\u0106?<\/strong><\/p>\n\n\n\n<ul><li>Sesje indywidualne oraz kurs &#8222;Zrozumie\u0107 i dogada\u0107 si\u0119 ze swoim cia\u0142em&#8221; \/ on-line i off-line. <\/li><li>Sesje empatycznej fotografii. Wi\u0119cej przeczytasz tutaj: <a rel=\"noreferrer noopener\" href=\"https:\/\/dorotakomasa.pl\/?page_id=18\" data-type=\"URL\" data-id=\"https:\/\/dorotakomasa.pl\/?page_id=18\" target=\"_blank\">KLIK!<\/a> <\/li><li>Sesje terapeutycznego dotyku Masa\u017cu Lomi Lomi Nui. Szczeg\u00f3\u0142y oferty znajdziesz tutaj: <a rel=\"noreferrer noopener\" href=\"https:\/\/dorotakomasa.pl\/?page_id=19\" data-type=\"URL\" data-id=\"https:\/\/dorotakomasa.pl\/?page_id=19\" target=\"_blank\">KLIK<\/a><\/li><li>Warsztaty rozwojowe \/ on-line i off-line<\/li><li>Klub W\u0119druj\u0105cych Sp\u00f3dnic Mocy. Dowiedz si\u0119 wi\u0119cej &#8211; <a rel=\"noreferrer noopener\" href=\"https:\/\/dorotakomasa.pl\/?page_id=17\" data-type=\"URL\" data-id=\"https:\/\/dorotakomasa.pl\/?page_id=17\" target=\"_blank\">KLIK!<\/a> \/ Chcesz si\u0119 zapisa\u0107 do KLUBU? <a rel=\"noreferrer noopener\" href=\"https:\/\/dorotakomasa.pl\/?page_id=193\" data-type=\"URL\" data-id=\"https:\/\/dorotakomasa.pl\/?page_id=193\" target=\"_blank\">TAK!<\/a><\/li><li>Mentoring w Rozwoju Umi\u0119j\u0119tno\u015bci Pracy z Klientem \/ dla masa\u017cyst\u00f3w i os\u00f3b wykorzystuj\u0105cych Prac\u0119 z Cia\u0142em. <\/li><li>Wyj\u0105tkow\u0105 Odzie\u017c szyt\u0105 na miar\u0119 oraz terapeutyczne Olejki eteryczne. Poznaj mark\u0119: Cia\u0142o Lubne! (Szczeg\u00f3\u0142y wkr\u00f3tce!)<\/li><\/ul>\n\n\n\n<p><strong>Z KIM WSP\u00d3\u0141PRACUJ\u0118?<\/strong><\/p>\n\n\n\n<p><a rel=\"noreferrer noopener\" href=\"https:\/\/polerozwoju.pl\/o-nas\/#o-nas-zespol\" data-type=\"URL\" data-id=\"https:\/\/polerozwoju.pl\/o-nas\/#o-nas-zespol\" target=\"_blank\"><strong>Fundacja POLE ROZWOJU<\/strong><\/a><\/p>\n\n\n\n<p>STREFA KOBIET<\/p>\n\n\n\n<p><a rel=\"noreferrer noopener\" href=\"https:\/\/www.facebook.com\/studiobalanszdrowierozwojedukacja\" data-type=\"URL\" data-id=\"https:\/\/www.facebook.com\/studiobalanszdrowierozwojedukacja\" target=\"_blank\"><strong>STUDIO BALANS<\/strong><\/a><\/p>\n\n\n\n<p><strong><a rel=\"noreferrer noopener\" href=\"https:\/\/holum.pl\" data-type=\"URL\" data-id=\"https:\/\/holum.pl\" target=\"_blank\">HOLUM Terapie Naturalne<\/a><\/strong><\/p>\n\n\n\n<p><\/p>\n","protected":false},"excerpt":{"rendered":"<p>Nazywam si\u0119 Dorota Maria Komasa &#8211; DORIKO. Jestem Trenerk\u0105 Rozwoju poprzez \u015awiadomo\u015b\u0107 Cia\u0142a, Ruchu i uwa\u017cny dotyk. Ucz\u0119 moje klientki: jak lepiej rozumie\u0107 swoje cia\u0142o i jego j\u0119zyk, kt\u00f3ry przejawia si\u0119 w r\u00f3\u017cnych symptomach i odczuciach jak si\u0119 ze swoim cia\u0142em i umys\u0142em dogada\u0107 jak pod\u0105\u017ca\u0107 za g\u0142osem serca\/duszy i co to w og\u00f3le znaczy <a class=\"read-more\" href=\"https:\/\/dorotakomasa.pl\/?page_id=21\">Read More<\/a><\/p>\n","protected":false},"author":2,"featured_media":0,"parent":0,"menu_order":0,"comment_status":"closed","ping_status":"closed","template":"","meta":{"footnotes":""},"_links":{"self":[{"href":"https:\/\/dorotakomasa.pl\/index.php?rest_route=\/wp\/v2\/pages\/21"}],"collection":[{"href":"https:\/\/dorotakomasa.pl\/index.php?rest_route=\/wp\/v2\/pages"}],"about":[{"href":"https:\/\/dorotakomasa.pl\/index.php?rest_route=\/wp\/v2\/types\/page"}],"author":[{"embeddable":true,"href":"https:\/\/dorotakomasa.pl\/index.php?rest_route=\/wp\/v2\/users\/2"}],"replies":[{"embeddable":true,"href":"https:\/\/dorotakomasa.pl\/index.php?rest_route=%2Fwp%2Fv2%2Fcomments&post=21"}],"version-history":[{"count":14,"href":"https:\/\/dorotakomasa.pl\/index.php?rest_route=\/wp\/v2\/pages\/21\/revisions"}],"predecessor-version":[{"id":252,"href":"https:\/\/dorotakomasa.pl\/index.php?rest_route=\/wp\/v2\/pages\/21\/revisions\/252"}],"wp:attachment":[{"href":"https:\/\/dorotakomasa.pl\/index.php?rest_route=%2Fwp%2Fv2%2Fmedia&parent=21"}],"curies":[{"name":"wp","href":"https:\/\/api.w.org\/{rel}","templated":true}]}}